{"id":15806,"date":"2023-08-01T00:03:24","date_gmt":"2023-08-01T00:03:24","guid":{"rendered":"https:\/\/store1.prototipo.digital\/?page_id=15806"},"modified":"2023-08-04T18:55:44","modified_gmt":"2023-08-04T18:55:44","slug":"politicas-compra","status":"publish","type":"page","link":"https:\/\/store1.prototipo.digital\/index.php\/politicas-compra\/","title":{"rendered":"Pol\u00edticas de Compra"},"content":{"rendered":"\t\t<div data-elementor-type=\"wp-page\" data-elementor-id=\"15806\" class=\"elementor elementor-15806\" data-elementor-post-type=\"page\">\n\t\t\t\t\t\t\t\t\t<section class=\"wd-negative-gap elementor-section elementor-top-section elementor-element elementor-element-217210e elementor-section-boxed elementor-section-height-default elementor-section-height-default wd-section-disabled\" data-id=\"217210e\" data-element_type=\"section\">\n\t\t\t\t\t\t<div class=\"elementor-container elementor-column-gap-default\">\n\t\t\t\t\t<div class=\"elementor-column elementor-col-33 elementor-top-column elementor-element elementor-element-ff81135\" data-id=\"ff81135\" data-element_type=\"column\">\n\t\t\t<div class=\"elementor-widget-wrap\">\n\t\t\t\t\t\t\t\t\t<\/div>\n\t\t<\/div>\n\t\t\t\t<div class=\"elementor-column elementor-col-33 elementor-top-column elementor-element elementor-element-6912e32\" data-id=\"6912e32\" data-element_type=\"column\">\n\t\t\t<div class=\"elementor-widget-wrap elementor-element-populated\">\n\t\t\t\t\t\t\t\t<div class=\"elementor-element elementor-element-f6c56da color-scheme-inherit text-left elementor-widget elementor-widget-text-editor\" data-id=\"f6c56da\" data-element_type=\"widget\" data-widget_type=\"text-editor.default\">\n\t\t\t\t<div class=\"elementor-widget-container\">\n\t\t\t<style>\/*! elementor - v3.15.0 - 02-08-2023 *\/\n.elementor-widget-text-editor.elementor-drop-cap-view-stacked .elementor-drop-cap{background-color:#69727d;color:#fff}.elementor-widget-text-editor.elementor-drop-cap-view-framed .elementor-drop-cap{color:#69727d;border:3px solid;background-color:transparent}.elementor-widget-text-editor:not(.elementor-drop-cap-view-default) .elementor-drop-cap{margin-top:8px}.elementor-widget-text-editor:not(.elementor-drop-cap-view-default) .elementor-drop-cap-letter{width:1em;height:1em}.elementor-widget-text-editor .elementor-drop-cap{float:left;text-align:center;line-height:1;font-size:50px}.elementor-widget-text-editor .elementor-drop-cap-letter{display:inline-block}<\/style>\t\t\t\t<p>Los precios de los productos incluidos en esta p\u00e1gina, est\u00e1n en pesos mexicanos, todos los precios incluyen IVA y est\u00e1n sujetos a cambio sin previo aviso.<\/p><p>Para realizar transacciones en este sitio, aceptamos tarjetas de cr\u00e9dito tipo Visa y MasterCard.<\/p><p>Si no cuenta con una tarjeta de cr\u00e9dito de estos tipos y desea comprar en nuestra p\u00e1gina, favor de comunicarse al (81) 2235-7398. El costo del env\u00edo ser\u00e1 calculado en funci\u00f3n del destino y el n\u00famero de piezas incluidas en el pedido. (Se incluye en el total de la compra).<\/p><p>Al adquirir cualquiera de nuestros productos, el cliente asume la responsabilidad de que el producto es el indicado. Despu\u00e9s de haber completado la compra y realizado el pago, no ser\u00e1 posible cancelar un pedido.<\/p><p>La introducci\u00f3n de datos falsos o incorrectos para la entrega del pedido queda bajo responsabilidad del cliente y en caso de generarse, \u00e9ste deber\u00e1 asumir los costos adicionales de env\u00edo derivados del incidente, o el pedido quedar\u00e1 cancelado sin responsabilidad para <u>Tresesenta estrategia digital<\/u><\/p><p>Por el momento, s\u00f3lo atendemos pedidos dentro de la Rep\u00fablica Mexicana. La entrega de productos s\u00f3lo se realiza mediante env\u00edo terrestre. <u>Tresesenta estrategia digital<\/u> realiza sus env\u00edos mediante la compa\u00f1\u00eda Estafeta Mexicana S.A de C.V. que le permite a los clientes, rastrear su pedido en su sitio Web http:\/\/www.estafeta.com.mx, mediante un c\u00f3digo de rastreo que se le asigna al momento de procesar su compra en <a href=\"http:\/\/ww.tresesenta.mx\">ww.tresesenta.mx<\/a> La pol\u00edtica de <u>Tresesenta estrategia digital<\/u>es entregar su pedido en un plazo no mayor a 4 d\u00edas, el plazo de entrega comienza a contar a partir de la confirmaci\u00f3n de su pago por el banco. <u>Tresesenta estrategia digital<\/u> no asume responsabilidad en caso de demoras en la entrega, imputables a Estafeta Mexicana S.A de C.V. aunque hace hincapi\u00e9 en que esta empresa de paqueter\u00eda cuenta con garant\u00eda de entrega para todos los env\u00edos.<\/p><p>En caso de extrav\u00edo durante el traslado, <u>Tresesenta estrategia digital<\/u> se compromete a reponer al cliente, los productos incluidos en el pedido. <u>Tresesenta estrategia digital<\/u> se reserva el derecho de utilizar otros medios para entregar sus pedidos en caso de alguna contingencia. Nuestros productos cuentan con de garant\u00eda por defecto de fabricaci\u00f3n o por defectos que se presenten antes de utilizarlo; en estos casos es posible hacer la devoluci\u00f3n del producto que ser\u00e1 reemplazado por uno igual o equivalente, siempre y cuando el cliente se comprometa a pagar los gastos del env\u00edo del producto da\u00f1ado a nuestras instalaciones f\u00edsicas, as\u00ed como los del env\u00edo del nuevo producto al domicilio indicado por el cliente.<br \/><br \/>En caso de que el producto ordenado, dejara de estar disponible por causas ajenas a la empresa, <u>Tresesenta estrategia digital<\/u> determinar\u00e1 junto con el cliente, la forma de finiquitar el contrato de compra venta de manera justa, ya sea mediante la solicitud de un nuevo producto o mediante reembolso por dep\u00f3sito bancario.<\/p><p>El env\u00edo del nuevo producto se tomar\u00e1 como una nueva orden y por lo tanto tardar\u00e1 4 d\u00edas adicionales en ser entregado, los reembolsos se realizar\u00e1n en un plazo no mayor a 10 d\u00edas. Cualquier duda, inconformidad o incidente, que pudiera derivarse de una transacci\u00f3n realizada en\u00a0 <a href=\"http:\/\/ww.tresesenta.mx\">www.tresesenta.mx<\/a> que no est\u00e9 comprendido en estas pol\u00edticas de compra, haga favor de notific\u00e1rnoslo mediante nuestra forma de contacto en l\u00ednea o de comunic\u00e1rnosla al n\u00famero <a href=\"http:\/\/Tel:8122357398\" data-wplink-url-error=\"true\">(81) 2235-7398<\/a>, juntos analizaremos su caso para encontrar la soluci\u00f3n m\u00e1s justa para ambas partes.<\/p>\t\t\t\t\t\t<\/div>\n\t\t\t\t<\/div>\n\t\t\t\t\t<\/div>\n\t\t<\/div>\n\t\t\t\t<div class=\"elementor-column elementor-col-33 elementor-top-column elementor-element elementor-element-06c1a6a\" data-id=\"06c1a6a\" data-element_type=\"column\">\n\t\t\t<div class=\"elementor-widget-wrap\">\n\t\t\t\t\t\t\t\t\t<\/div>\n\t\t<\/div>\n\t\t\t\t\t\t\t<\/div>\n\t\t<\/section>\n\t\t\t\t\t\t\t<\/div>\n\t\t","protected":false},"excerpt":{"rendered":"<p>Los precios de los productos incluidos en esta p\u00e1gina, est\u00e1n en pesos mexicanos, todos los precios incluyen IVA y est\u00e1n<\/p>\n","protected":false},"author":1,"featured_media":0,"parent":0,"menu_order":0,"comment_status":"closed","ping_status":"closed","template":"elementor_header_footer","meta":{"footnotes":""},"class_list":["post-15806","page","type-page","status-publish","hentry"],"_links":{"self":[{"href":"https:\/\/store1.prototipo.digital\/index.php\/wp-json\/wp\/v2\/pages\/15806","targetHints":{"allow":["GET"]}}],"collection":[{"href":"https:\/\/store1.prototipo.digital\/index.php\/wp-json\/wp\/v2\/pages"}],"about":[{"href":"https:\/\/store1.prototipo.digital\/index.php\/wp-json\/wp\/v2\/types\/page"}],"author":[{"embeddable":true,"href":"https:\/\/store1.prototipo.digital\/index.php\/wp-json\/wp\/v2\/users\/1"}],"replies":[{"embeddable":true,"href":"https:\/\/store1.prototipo.digital\/index.php\/wp-json\/wp\/v2\/comments?post=15806"}],"version-history":[{"count":19,"href":"https:\/\/store1.prototipo.digital\/index.php\/wp-json\/wp\/v2\/pages\/15806\/revisions"}],"predecessor-version":[{"id":16102,"href":"https:\/\/store1.prototipo.digital\/index.php\/wp-json\/wp\/v2\/pages\/15806\/revisions\/16102"}],"wp:attachment":[{"href":"https:\/\/store1.prototipo.digital\/index.php\/wp-json\/wp\/v2\/media?parent=15806"}],"curies":[{"name":"wp","href":"https:\/\/api.w.org\/{rel}","templated":true}]}}